{"id":83,"date":"2016-11-21T17:43:37","date_gmt":"2016-11-21T17:43:37","guid":{"rendered":"http:\/\/cdn.jevelin.shufflehound.com\/blog1\/?page_id=5"},"modified":"2021-04-26T06:30:34","modified_gmt":"2021-04-26T06:30:34","slug":"home","status":"publish","type":"page","link":"https:\/\/ulfabraham.de\/","title":{"rendered":"Startseite"},"content":{"rendered":"<p>\r\n<section class=\"sh-section sh-section-dc26aff7898941792e35537f381e2803 fw-main-row sh-section-visibility-everywhere\">\r\n\t\r\n\t\r\n\t<div class=\"sh-section-container container\">\r\n\t\t<div class=\"fw-row\">\n\t\r\n<div class=\"sh-column sh-column-6b054a1e7c580a5a7d62aefba1234452 fw-col-xs-12\" >\r\n\r\n\t\r\n\t<div class=\"sh-column-wrapper\">\r\n\t\t\r\n<div class=\"sh-heading   sh-animated fadeInDown\" id=\"heading-b8f708dd37591f1940ea4240737347ca\"data-wow-duration=\"2s\">\r\n\t<div class=\"sh-element-margin\">\r\n\r\n\t\t\r\n\t\t\t<h1 class=\"sh-heading-content size-default text-center\">\r\n\t\t\t\tFestschrift f\u00fcr Professor Dr. Ulf Abraham\t\t\t<\/h1>\r\n\r\n\t\t\r\n\t<\/div>\r\n<\/div>\r\n\t<\/div>\r\n\r\n\r\n\t\t\r\n\r\n<\/div>\r\n<\/div>\n\n<div class=\"fw-row\">\n\t\r\n<div class=\"sh-column sh-column-6b054a1e7c580a5a7d62aefba1234452 fw-col-xs-12\" >\r\n\r\n\t\r\n\t<div class=\"sh-column-wrapper\">\r\n\t\t\r\n<div class=\"sh-empty-space\" id=\"empty-space-264c9437f86fe096d3fc034fdaa47bd8\"><\/div>\r\n\t<\/div>\r\n\r\n\r\n\t\t\r\n\r\n<\/div>\r\n<\/div>\n\n\t<\/div>\r\n<\/section>\r\n\r\n<section class=\"sh-section sh-section-76764d6b9346f0161297875445d1e623 fw-main-row sh-section-visibility-everywhere sh-animated fadeIn\" data-wow-duration=\"1.5s\"  data-wow-delay=\"1s\" >\r\n\t\r\n\t\r\n\t<div class=\"sh-section-container container-fluid\">\r\n\t\t<div class=\"fw-row\">\n\t\r\n<div class=\"sh-column sh-column-2a01b5ca34f59f58aef3af3abd5976e0 fw-col-xs-12 fw-col-sm-4 sh-column-shadow\" >\r\n\r\n\t\r\n\t<div class=\"sh-column-wrapper\">\r\n\t\t\r\n<div id=\"single-image-a6b8deba9a19798148bb837d1bc9f8b7\" class=\"sh-single-image  \">\r\n\t<div class=\"sh-element-margin\">\r\n\t\t\r\n\t\t\r\n\t\t\t<div class=\"sh-single-image-container\">\r\n\t\t\t\t\t\t\t\t\t\t\t\t\t\t\t<a href=\"\/\/www.ulfabraham.de\/wp-content\/uploads\/2020\/01\/01_Ulf_Ina_YN_8989_3.jpg\" rel=\"lightbox\">\r\n\t\t\t\t\t\r\n\t\t\t\t\t\t\t\t\t\t\t\t\t<img decoding=\"async\" class=\"sh-image-url\" src=\"https:\/\/ulfabraham.de\/wp-content\/uploads\/2020\/01\/01_Ulf_Ina_YN_8989_3-1024x544.jpg\" alt=\"01_Ulf_Ina_YN_8989_3\" \/>\r\n\t\t\t\t\t\t\t\t\t\t\t\t\t\r\n\t\t\t\t\t\t\t\t\t\t\t<\/a>\r\n\t\t\t\t\t\t\t\t\t\r\n\t\t\t\t\t\t\t<\/div>\r\n\r\n\t\t\r\n\t<\/div>\r\n<\/div>\r\n\r\n<div id=\"single-image-244b8474a46d39e7e5b3f9b8ca4b8edc\" class=\"sh-single-image  sh-element-inline \">\r\n\t<div class=\"sh-element-margin\">\r\n\t\t\r\n\t\t\r\n\t\t\t<div class=\"sh-single-image-container\">\r\n\t\t\t\t\t\t\t\t\t\t\t\t\t\t\t<a href=\"\/\/www.ulfabraham.de\/wp-content\/uploads\/2020\/01\/Lit_Film_YN_0076_4-e1580462288724.jpg\" rel=\"lightbox\">\r\n\t\t\t\t\t\r\n\t\t\t\t\t\t\t\t\t\t\t\t\t<img decoding=\"async\" class=\"sh-image-url\" src=\"https:\/\/ulfabraham.de\/wp-content\/uploads\/2020\/01\/Lit_Film_YN_0076_4-733x1024.jpg\" alt=\"Lit_Film_YN_0076_4\" \/>\r\n\t\t\t\t\t\t\t\t\t\t\t\t\t\r\n\t\t\t\t\t\t\t\t\t\t\t<\/a>\r\n\t\t\t\t\t\t\t\t\t\r\n\t\t\t\t\t\t\t<\/div>\r\n\r\n\t\t\r\n\t<\/div>\r\n<\/div>\r\n\r\n<div id=\"single-image-bf279b0674ea96749ac8b204060a81af\" class=\"sh-single-image  \">\r\n\t<div class=\"sh-element-margin\">\r\n\t\t\r\n\t\t\r\n\t\t\t<div class=\"sh-single-image-container\">\r\n\t\t\t\t\t\t\t\t\t\t\t\t\t\t\t<a href=\"\/\/www.ulfabraham.de\/wp-content\/uploads\/2020\/01\/02_Diskussion_MG_4281-e1580919313915.jpg\" rel=\"lightbox\">\r\n\t\t\t\t\t\r\n\t\t\t\t\t\t\t\t\t\t\t\t\t<img decoding=\"async\" class=\"sh-image-url\" src=\"https:\/\/ulfabraham.de\/wp-content\/uploads\/2020\/01\/02_Diskussion_MG_4281-e1580919313915-1024x610.jpg\" alt=\"U.A. im Literaturhaus Stuttgart (rechts, Jos\u00e9 F.A. Oliver)\" \/>\r\n\t\t\t\t\t\t\t\t\t\t\t\t\t\r\n\t\t\t\t\t\t\t\t\t\t\t<\/a>\r\n\t\t\t\t\t\t\t\t\t\r\n\t\t\t\t\t\t\t<\/div>\r\n\r\n\t\t\r\n\t<\/div>\r\n<\/div>\r\n\t<\/div>\r\n\r\n\r\n\t\t\r\n\r\n<\/div>\r\n\r\n<div class=\"sh-column sh-column-437e07a5323ad79e67320b0a0f2f2fbe fw-col-xs-12 fw-col-sm-8 sh-column-mobile-padding\" >\r\n\r\n\t\r\n\t<div class=\"sh-column-wrapper\">\r\n\t\t\r\n<div class=\"sh-heading  \" id=\"heading-b86bd73d14491ec07c1858fd3572abb5\">\r\n\t<div class=\"sh-element-margin\">\r\n\r\n\t\t\r\n\t\t\t<h2 class=\"sh-heading-content size-default text-left\">\r\n\t\t\t\tZum Geleit\t\t\t<\/h2>\r\n\r\n\t\t\r\n\t<\/div>\r\n<\/div>\r\n\r\n<div id=\"text-block-3fc674090e9aeeed3e6f6cdb0e647f25\" class=\"sh-text-block\">\r\n\t<p style=\"text-align: justify;\">Mit der hier aufgestellten virtuellen Stele wollen wir Prof. Dr. Ulf Abraham ehren, der im Fr\u00fchjahr 2020 von seinen Dienstaufgaben an der Otto-Friedrich-Universit\u00e4t Bamberg entpflichtet wird. Damit r\u00e4umt einer der ganz Gro\u00dfen unserer Fachdisziplin seinen Lehrstuhl f\u00fcr Didaktik der Deutschen Sprache und Literatur, aber er r\u00e4umt damit freilich (hoffentlich) noch lange nicht die wissenschaftliche B\u00fchne, die er so erfolgreich und nachhaltig bespielt hat.<\/p><p style=\"text-align: justify;\">Zahlreiche seiner Weggef\u00e4hrtinnen und -gef\u00e4hrten haben zu diesem Anlass Inscriptiones hergestellt, welche die Stele auf drei Seiten schm\u00fccken:<\/p><ul><li style=\"text-align: justify;\">\u201eBest Practice\u201c versammelt wissenschaftliche Aufs\u00e4tze, die das bisherige Oeuvre Ulf Abrahams aufgreifen und an seine fachdidaktischen \u00dcberlegungen, auch \u00dcberzeugungen ankn\u00fcpfen. Autorinnen und Autoren sind Petra Anders, Andrea Bartl, Volker Frederking, Peter Klotz, Anna Kretzschmar, Nicole Masanek, Matthias Pauldrach, Monika Raml und Sebastian Tatzel.<\/li><li style=\"text-align: justify;\">Eine zweite Seite ist mit \u201eVisionen\u201c \u00fcberschrieben. Hier findet man Beitr\u00e4ge, die auf wei\u00dfe Flecken, Brachland und noch unerforschte Gebiete auf der Landkarte der Deutschdidaktik hinweisen. Verfasst haben sie Anja Ballis und Markus Gloe, Ortwin Beisbart, Clemens Kammler, Monika Raml, Hubert Sowa und Dieter Wrobel.<\/li><li style=\"text-align: justify;\">Auf der dritten Seite sind schlie\u00dflich pers\u00f6nlich adressierte und kreative Referenzen zu finden, f\u00fcr die man nicht nur lesen, sondern auch bisweilen sehen, h\u00f6ren und klicken muss. Erstellt haben sie Gerd Br\u00e4uer, Tilman von Brand, Ina Brendel-Perpina, Matthis Kepser, Claudia Kupfer-Schreiner, Klaus Maiwald, Gabriela Paule, Tom Klimant, Bernhard Meier, Astrid M\u00fcller, Jos\u00e9 F.A. Oliver, Iris Winkler und Werner Wintersteiner sowie alle Mitarbeiterinnen und Mitarbeiter des Bamberger Lehrstuhls (Kristina Bismarck, Christian Klug, Konstantinos Mangos, Annette Mattenklodt, Laura Mogl, Jutta Wolfrum, Andrea Xylander, Stephan Zweier) und des Saarbr\u00fccker Lehrstuhls und der Didactic Innovations GmbH (Julia Knopf, Ann-Kristin M\u00fcller, Rebecca Jakobs, Johanna Mosbach, Eva Wagner, Tania Kraft, Ann-Kathrin Weber-Lenkel, Nicole Helle, Jannick Eckle, Christian Murlowski, Michael Nagel, Kevin M\u00fcller, Tobias Walter, Tamino Lobert).<\/li><\/ul><p style=\"text-align: justify;\">Gew\u00fcrdigt werden damit drei Seiten des Wirkens von Ulf Abraham: Seine Beitr\u00e4ge zur Deutschdidaktik, in denen die Geschichte von Disziplin und Fach reflektiert, Traditionen aufgegriffen und etablierte Gegenst\u00e4nde neu beleuchtet werden. Seine \u00dcberlegungen, die \u00fcber das Vorhandene hinausgehen, die Disziplin weiterentwickeln und Deutschunterricht in die Zukunft f\u00fchren. Sein leidenschaftliches Eintreten in Theorie und Praxis f\u00fcr ein Fachverst\u00e4ndnis, das Sch\u00fclerinnen und Sch\u00fcler nicht nur analytisch-reflexiv an das kulturelle Handlungsfeld von Sprache, Literatur und nicht zuletzt Medien heranf\u00fchren will, sondern auch handlungs-und produktionsorientiert die kreative Seite junger Menschen anspricht.<\/p><p style=\"text-align: justify;\">Die Erbauer der Stele eint, dass sie alle einmal Mitarbeiterinnen und Mitarbeiter bei Ulf Abraham gewesen und ihm daher zu tiefem Dank verpflichtet sind.<\/p><p style=\"text-align: justify;\">Bamberg im Februar 2020<\/p><p style=\"text-align: justify;\">Kristina Bismarck, Julia Knopf, Ina Brendel-Perpina, Matthis Kepser<\/p><\/div>\r\n\t<\/div>\r\n\r\n\r\n\t\t\r\n\r\n<\/div>\r\n<\/div>\n\n\t<\/div>\r\n<\/section>\r\n<\/p>\n","protected":false},"excerpt":{"rendered":"<p>Festschrift f\u00fcr Professor Dr. Ulf Abraham Zum Geleit Mit der hier aufgestellten virtuellen Stele wollen wir Prof. Dr. Ulf Abraham ehren, der im Fr\u00fchjahr 2020 von seinen Dienstaufgaben an der Otto-Friedrich-Universit\u00e4t Bamberg entpflichtet wird. Damit r\u00e4umt einer der ganz Gro\u00dfen unserer Fachdisziplin seinen Lehrstuhl f\u00fcr Didaktik der Deutschen Sprache und Literatur, aber er r\u00e4umt damit freilich (hoffentlich) noch lange nicht&#8230;<\/p>\n","protected":false},"author":1,"featured_media":0,"parent":0,"menu_order":0,"comment_status":"closed","ping_status":"closed","template":"","meta":{"footnotes":""},"class_list":["post-83","page","type-page","status-publish","hentry"],"_links":{"self":[{"href":"https:\/\/ulfabraham.de\/index.php?rest_route=\/wp\/v2\/pages\/83","targetHints":{"allow":["GET"]}}],"collection":[{"href":"https:\/\/ulfabraham.de\/index.php?rest_route=\/wp\/v2\/pages"}],"about":[{"href":"https:\/\/ulfabraham.de\/index.php?rest_route=\/wp\/v2\/types\/page"}],"author":[{"embeddable":true,"href":"https:\/\/ulfabraham.de\/index.php?rest_route=\/wp\/v2\/users\/1"}],"replies":[{"embeddable":true,"href":"https:\/\/ulfabraham.de\/index.php?rest_route=%2Fwp%2Fv2%2Fcomments&post=83"}],"version-history":[{"count":66,"href":"https:\/\/ulfabraham.de\/index.php?rest_route=\/wp\/v2\/pages\/83\/revisions"}],"predecessor-version":[{"id":1543,"href":"https:\/\/ulfabraham.de\/index.php?rest_route=\/wp\/v2\/pages\/83\/revisions\/1543"}],"wp:attachment":[{"href":"https:\/\/ulfabraham.de\/index.php?rest_route=%2Fwp%2Fv2%2Fmedia&parent=83"}],"curies":[{"name":"wp","href":"https:\/\/api.w.org\/{rel}","templated":true}]}}